{"id":353,"date":"2024-07-16T19:20:25","date_gmt":"2024-07-16T17:20:25","guid":{"rendered":"https:\/\/www.lemcavision.com\/?page_id=353"},"modified":"2024-07-16T19:21:26","modified_gmt":"2024-07-16T17:21:26","slug":"isobus","status":"publish","type":"page","link":"https:\/\/www.lemcavision.com\/en\/isobus\/","title":{"rendered":"IsoBus"},"content":{"rendered":"<div data-elementor-type=\"wp-page\" data-elementor-id=\"353\" class=\"elementor elementor-353\">\n\t\t\t\t\t\t<section class=\"elementor-section elementor-top-section elementor-element elementor-element-13915ae elementor-section-boxed elementor-section-height-default elementor-section-height-default\" data-id=\"13915ae\" data-element_type=\"section\">\n\t\t\t\t\t\t<div class=\"elementor-container elementor-column-gap-default\">\n\t\t\t\t\t<div class=\"elementor-column elementor-col-100 elementor-top-column elementor-element elementor-element-593c5e4\" data-id=\"593c5e4\" data-element_type=\"column\">\n\t\t\t<div class=\"elementor-widget-wrap elementor-element-populated\">\n\t\t\t\t\t\t<div class=\"elementor-element elementor-element-747d62a elementor-widget elementor-widget-heading\" data-id=\"747d62a\" data-element_type=\"widget\" data-widget_type=\"heading.default\">\n\t\t\t\t<div class=\"elementor-widget-container\">\n\t\t\t\t\t<h2 class=\"elementor-heading-title elementor-size-default\">A complete solution for your customers<\/h2>\t\t\t\t<\/div>\n\t\t\t\t<\/div>\n\t\t\t\t\t<\/div>\n\t\t<\/div>\n\t\t\t\t\t<\/div>\n\t\t<\/section>\n\t\t\t\t<section class=\"elementor-section elementor-top-section elementor-element elementor-element-888517f elementor-section-boxed elementor-section-height-default elementor-section-height-default\" data-id=\"888517f\" data-element_type=\"section\">\n\t\t\t\t\t\t<div class=\"elementor-container elementor-column-gap-default\">\n\t\t\t\t\t<div class=\"elementor-column elementor-col-100 elementor-top-column elementor-element elementor-element-278026b\" data-id=\"278026b\" data-element_type=\"column\">\n\t\t\t<div class=\"elementor-widget-wrap elementor-element-populated\">\n\t\t\t\t\t\t<div class=\"elementor-element elementor-element-04ffead elementor-widget elementor-widget-spacer\" data-id=\"04ffead\" data-element_type=\"widget\" data-widget_type=\"spacer.default\">\n\t\t\t\t<div class=\"elementor-widget-container\">\n\t\t\t\t\t\t\t<div class=\"elementor-spacer\">\n\t\t\t<div class=\"elementor-spacer-inner\"><\/div>\n\t\t<\/div>\n\t\t\t\t\t\t<\/div>\n\t\t\t\t<\/div>\n\t\t\t\t\t<\/div>\n\t\t<\/div>\n\t\t\t\t\t<\/div>\n\t\t<\/section>\n\t\t\t\t<section class=\"elementor-section elementor-top-section elementor-element elementor-element-454923f elementor-section-boxed elementor-section-height-default elementor-section-height-default\" data-id=\"454923f\" data-element_type=\"section\">\n\t\t\t\t\t\t<div class=\"elementor-container elementor-column-gap-default\">\n\t\t\t\t\t<div class=\"elementor-column elementor-col-50 elementor-top-column elementor-element elementor-element-4a6629a\" data-id=\"4a6629a\" data-element_type=\"column\">\n\t\t\t<div class=\"elementor-widget-wrap elementor-element-populated\">\n\t\t\t\t\t\t<div class=\"elementor-element elementor-element-77dabb0 elementor-widget elementor-widget-text-editor\" data-id=\"77dabb0\" data-element_type=\"widget\" data-widget_type=\"text-editor.default\">\n\t\t\t\t<div class=\"elementor-widget-container\">\n\t\t\t\t\t\t\t\t\t<p>We can equip your section cutting products in order to offer the most advanced solutions to your customers.<\/p><ul><li>Comfort in use<\/li><li>Intuitive<\/li><li>Direct integration with the Lemca Vision camera<\/li><li>ISO Aux function<\/li><li>IsoBus documentation<\/li><\/ul>\t\t\t\t\t\t\t\t<\/div>\n\t\t\t\t<\/div>\n\t\t\t\t\t<\/div>\n\t\t<\/div>\n\t\t\t\t<div class=\"elementor-column elementor-col-50 elementor-top-column elementor-element elementor-element-eed08e3\" data-id=\"eed08e3\" data-element_type=\"column\">\n\t\t\t<div class=\"elementor-widget-wrap elementor-element-populated\">\n\t\t\t\t\t\t<div class=\"elementor-element elementor-element-9091346 elementor-widget elementor-widget-image\" data-id=\"9091346\" data-element_type=\"widget\" data-widget_type=\"image.default\">\n\t\t\t\t<div class=\"elementor-widget-container\">\n\t\t\t\t\t\t\t\t\t\t\t\t\t\t\t<img fetchpriority=\"high\" decoding=\"async\" width=\"1024\" height=\"640\" src=\"https:\/\/www.lemcavision.com\/wp-content\/uploads\/2024\/07\/apa_screenshot_20240404_230417_SN0600804-1024x640.webp\" class=\"attachment-large size-large wp-image-355\" alt=\"\" srcset=\"https:\/\/www.lemcavision.com\/wp-content\/uploads\/2024\/07\/apa_screenshot_20240404_230417_SN0600804-1024x640.webp 1024w, https:\/\/www.lemcavision.com\/wp-content\/uploads\/2024\/07\/apa_screenshot_20240404_230417_SN0600804-300x188.webp 300w, https:\/\/www.lemcavision.com\/wp-content\/uploads\/2024\/07\/apa_screenshot_20240404_230417_SN0600804-768x480.png 768w, https:\/\/www.lemcavision.com\/wp-content\/uploads\/2024\/07\/apa_screenshot_20240404_230417_SN0600804-18x12.png 18w, https:\/\/www.lemcavision.com\/wp-content\/uploads\/2024\/07\/apa_screenshot_20240404_230417_SN0600804.webp 1280w\" sizes=\"(max-width: 1024px) 100vw, 1024px\" \/>\t\t\t\t\t\t\t\t\t\t\t\t\t\t\t<\/div>\n\t\t\t\t<\/div>\n\t\t\t\t\t<\/div>\n\t\t<\/div>\n\t\t\t\t\t<\/div>\n\t\t<\/section>\n\t\t\t\t<section class=\"elementor-section elementor-top-section elementor-element elementor-element-a6c098d elementor-section-boxed elementor-section-height-default elementor-section-height-default\" data-id=\"a6c098d\" data-element_type=\"section\">\n\t\t\t\t\t\t<div class=\"elementor-container elementor-column-gap-default\">\n\t\t\t\t\t<div class=\"elementor-column elementor-col-100 elementor-top-column elementor-element elementor-element-6e93193\" data-id=\"6e93193\" data-element_type=\"column\">\n\t\t\t<div class=\"elementor-widget-wrap elementor-element-populated\">\n\t\t\t\t\t\t<div class=\"elementor-element elementor-element-0839bcc elementor-widget-divider--view-line elementor-widget elementor-widget-divider\" data-id=\"0839bcc\" data-element_type=\"widget\" data-widget_type=\"divider.default\">\n\t\t\t\t<div class=\"elementor-widget-container\">\n\t\t\t\t\t\t\t<div class=\"elementor-divider\">\n\t\t\t<span class=\"elementor-divider-separator\">\n\t\t\t\t\t\t<\/span>\n\t\t<\/div>\n\t\t\t\t\t\t<\/div>\n\t\t\t\t<\/div>\n\t\t\t\t\t<\/div>\n\t\t<\/div>\n\t\t\t\t\t<\/div>\n\t\t<\/section>\n\t\t\t\t<section class=\"elementor-section elementor-top-section elementor-element elementor-element-82a9fdd elementor-section-boxed elementor-section-height-default elementor-section-height-default\" data-id=\"82a9fdd\" data-element_type=\"section\">\n\t\t\t\t\t\t<div class=\"elementor-container elementor-column-gap-default\">\n\t\t\t\t\t<div class=\"elementor-column elementor-col-100 elementor-top-column elementor-element elementor-element-08bd892\" data-id=\"08bd892\" data-element_type=\"column\">\n\t\t\t<div class=\"elementor-widget-wrap elementor-element-populated\">\n\t\t\t\t\t\t<div class=\"elementor-element elementor-element-868585d elementor-widget elementor-widget-heading\" data-id=\"868585d\" data-element_type=\"widget\" data-widget_type=\"heading.default\">\n\t\t\t\t<div class=\"elementor-widget-container\">\n\t\t\t\t\t<h2 class=\"elementor-heading-title elementor-size-default\">Official CCI member<\/h2>\t\t\t\t<\/div>\n\t\t\t\t<\/div>\n\t\t\t\t\t<\/div>\n\t\t<\/div>\n\t\t\t\t\t<\/div>\n\t\t<\/section>\n\t\t\t\t<section class=\"elementor-section elementor-top-section elementor-element elementor-element-d621be8 elementor-section-boxed elementor-section-height-default elementor-section-height-default\" data-id=\"d621be8\" data-element_type=\"section\">\n\t\t\t\t\t\t<div class=\"elementor-container elementor-column-gap-default\">\n\t\t\t\t\t<div class=\"elementor-column elementor-col-100 elementor-top-column elementor-element elementor-element-22f1cb4\" data-id=\"22f1cb4\" data-element_type=\"column\">\n\t\t\t<div class=\"elementor-widget-wrap elementor-element-populated\">\n\t\t\t\t\t\t<div class=\"elementor-element elementor-element-2b68b18 elementor-widget elementor-widget-image\" data-id=\"2b68b18\" data-element_type=\"widget\" data-widget_type=\"image.default\">\n\t\t\t\t<div class=\"elementor-widget-container\">\n\t\t\t\t\t\t\t\t\t\t\t\t\t\t\t<img decoding=\"async\" width=\"768\" height=\"768\" src=\"https:\/\/www.lemcavision.com\/wp-content\/uploads\/2024\/07\/thumbnail_image001-768x768.jpg\" class=\"attachment-medium_large size-medium_large wp-image-356\" alt=\"\" srcset=\"https:\/\/www.lemcavision.com\/wp-content\/uploads\/2024\/07\/thumbnail_image001-768x768.jpg 768w, https:\/\/www.lemcavision.com\/wp-content\/uploads\/2024\/07\/thumbnail_image001-300x300.jpg 300w, https:\/\/www.lemcavision.com\/wp-content\/uploads\/2024\/07\/thumbnail_image001-1024x1024.jpg 1024w, https:\/\/www.lemcavision.com\/wp-content\/uploads\/2024\/07\/thumbnail_image001-150x150.jpg 150w, https:\/\/www.lemcavision.com\/wp-content\/uploads\/2024\/07\/thumbnail_image001-1536x1536.jpg 1536w, https:\/\/www.lemcavision.com\/wp-content\/uploads\/2024\/07\/thumbnail_image001-12x12.jpg 12w, https:\/\/www.lemcavision.com\/wp-content\/uploads\/2024\/07\/thumbnail_image001.jpg 1920w\" sizes=\"(max-width: 768px) 100vw, 768px\" \/>\t\t\t\t\t\t\t\t\t\t\t\t\t\t\t<\/div>\n\t\t\t\t<\/div>\n\t\t\t\t\t<\/div>\n\t\t<\/div>\n\t\t\t\t\t<\/div>\n\t\t<\/section>\n\t\t\t\t<section class=\"elementor-section elementor-top-section elementor-element elementor-element-f13ad1c elementor-section-boxed elementor-section-height-default elementor-section-height-default\" data-id=\"f13ad1c\" data-element_type=\"section\">\n\t\t\t\t\t\t<div class=\"elementor-container elementor-column-gap-default\">\n\t\t\t\t\t<div class=\"elementor-column elementor-col-100 elementor-top-column elementor-element elementor-element-bbfbff1\" data-id=\"bbfbff1\" data-element_type=\"column\">\n\t\t\t<div class=\"elementor-widget-wrap elementor-element-populated\">\n\t\t\t\t\t\t<div class=\"elementor-element elementor-element-7b24345 elementor-widget elementor-widget-spacer\" data-id=\"7b24345\" data-element_type=\"widget\" data-widget_type=\"spacer.default\">\n\t\t\t\t<div class=\"elementor-widget-container\">\n\t\t\t\t\t\t\t<div class=\"elementor-spacer\">\n\t\t\t<div class=\"elementor-spacer-inner\"><\/div>\n\t\t<\/div>\n\t\t\t\t\t\t<\/div>\n\t\t\t\t<\/div>\n\t\t\t\t\t<\/div>\n\t\t<\/div>\n\t\t\t\t\t<\/div>\n\t\t<\/section>\n\t\t\t\t<section class=\"elementor-section elementor-top-section elementor-element elementor-element-a14aa68 elementor-section-boxed elementor-section-height-default elementor-section-height-default\" data-id=\"a14aa68\" data-element_type=\"section\">\n\t\t\t\t\t\t<div class=\"elementor-container elementor-column-gap-default\">\n\t\t\t\t\t<div class=\"elementor-column elementor-col-33 elementor-top-column elementor-element elementor-element-717e81c\" data-id=\"717e81c\" data-element_type=\"column\">\n\t\t\t<div class=\"elementor-widget-wrap elementor-element-populated\">\n\t\t\t\t\t\t<div class=\"elementor-element elementor-element-1f1252b elementor-widget elementor-widget-image\" data-id=\"1f1252b\" data-element_type=\"widget\" data-widget_type=\"image.default\">\n\t\t\t\t<div class=\"elementor-widget-container\">\n\t\t\t\t\t\t\t\t\t\t\t\t\t\t\t<img decoding=\"async\" width=\"1024\" height=\"769\" src=\"https:\/\/www.lemcavision.com\/wp-content\/uploads\/2024\/07\/CCI_800_Front_tilt_Lemca-1024x769.png\" class=\"attachment-large size-large wp-image-357\" alt=\"\" srcset=\"https:\/\/www.lemcavision.com\/wp-content\/uploads\/2024\/07\/CCI_800_Front_tilt_Lemca-1024x769.png 1024w, https:\/\/www.lemcavision.com\/wp-content\/uploads\/2024\/07\/CCI_800_Front_tilt_Lemca-300x225.png 300w, https:\/\/www.lemcavision.com\/wp-content\/uploads\/2024\/07\/CCI_800_Front_tilt_Lemca-768x576.png 768w, https:\/\/www.lemcavision.com\/wp-content\/uploads\/2024\/07\/CCI_800_Front_tilt_Lemca-1536x1153.png 1536w, https:\/\/www.lemcavision.com\/wp-content\/uploads\/2024\/07\/CCI_800_Front_tilt_Lemca-2048x1537.png 2048w, https:\/\/www.lemcavision.com\/wp-content\/uploads\/2024\/07\/CCI_800_Front_tilt_Lemca-16x12.png 16w\" sizes=\"(max-width: 1024px) 100vw, 1024px\" \/>\t\t\t\t\t\t\t\t\t\t\t\t\t\t\t<\/div>\n\t\t\t\t<\/div>\n\t\t\t\t\t<\/div>\n\t\t<\/div>\n\t\t\t\t<div class=\"elementor-column elementor-col-33 elementor-top-column elementor-element elementor-element-2d76e25\" data-id=\"2d76e25\" data-element_type=\"column\">\n\t\t\t<div class=\"elementor-widget-wrap elementor-element-populated\">\n\t\t\t\t\t\t<div class=\"elementor-element elementor-element-d6948ed elementor-widget elementor-widget-text-editor\" data-id=\"d6948ed\" data-element_type=\"widget\" data-widget_type=\"text-editor.default\">\n\t\t\t\t<div class=\"elementor-widget-container\">\n\t\t\t\t\t\t\t\t\t<p>It is on a solid foundation that the Lemca isobus relies thanks to CCI.<\/p><p>We can offer you a total solution for your range.<\/p>\t\t\t\t\t\t\t\t<\/div>\n\t\t\t\t<\/div>\n\t\t\t\t\t<\/div>\n\t\t<\/div>\n\t\t\t\t<div class=\"elementor-column elementor-col-33 elementor-top-column elementor-element elementor-element-0e34333\" data-id=\"0e34333\" data-element_type=\"column\">\n\t\t\t<div class=\"elementor-widget-wrap elementor-element-populated\">\n\t\t\t\t\t\t<div class=\"elementor-element elementor-element-596d906 elementor-widget elementor-widget-image\" data-id=\"596d906\" data-element_type=\"widget\" data-widget_type=\"image.default\">\n\t\t\t\t<div class=\"elementor-widget-container\">\n\t\t\t\t\t\t\t\t\t\t\t\t\t\t\t<img loading=\"lazy\" decoding=\"async\" width=\"1024\" height=\"769\" src=\"https:\/\/www.lemcavision.com\/wp-content\/uploads\/2024\/07\/CCI-1200_Front_tilt_Lemca-1024x769.png\" class=\"attachment-large size-large wp-image-358\" alt=\"\" srcset=\"https:\/\/www.lemcavision.com\/wp-content\/uploads\/2024\/07\/CCI-1200_Front_tilt_Lemca-1024x769.png 1024w, https:\/\/www.lemcavision.com\/wp-content\/uploads\/2024\/07\/CCI-1200_Front_tilt_Lemca-300x225.png 300w, https:\/\/www.lemcavision.com\/wp-content\/uploads\/2024\/07\/CCI-1200_Front_tilt_Lemca-768x576.png 768w, https:\/\/www.lemcavision.com\/wp-content\/uploads\/2024\/07\/CCI-1200_Front_tilt_Lemca-1536x1153.png 1536w, https:\/\/www.lemcavision.com\/wp-content\/uploads\/2024\/07\/CCI-1200_Front_tilt_Lemca-2048x1537.png 2048w, https:\/\/www.lemcavision.com\/wp-content\/uploads\/2024\/07\/CCI-1200_Front_tilt_Lemca-16x12.png 16w\" sizes=\"(max-width: 1024px) 100vw, 1024px\" \/>\t\t\t\t\t\t\t\t\t\t\t\t\t\t\t<\/div>\n\t\t\t\t<\/div>\n\t\t\t\t\t<\/div>\n\t\t<\/div>\n\t\t\t\t\t<\/div>\n\t\t<\/section>\n\t\t\t\t<section class=\"elementor-section elementor-top-section elementor-element elementor-element-3e028f7 elementor-section-boxed elementor-section-height-default elementor-section-height-default\" data-id=\"3e028f7\" data-element_type=\"section\">\n\t\t\t\t\t\t<div class=\"elementor-container elementor-column-gap-default\">\n\t\t\t\t\t<div class=\"elementor-column elementor-col-100 elementor-top-column elementor-element elementor-element-6f3bef6\" data-id=\"6f3bef6\" data-element_type=\"column\">\n\t\t\t<div class=\"elementor-widget-wrap elementor-element-populated\">\n\t\t\t\t\t\t<div class=\"elementor-element elementor-element-a53634d elementor-widget elementor-widget-spacer\" data-id=\"a53634d\" data-element_type=\"widget\" data-widget_type=\"spacer.default\">\n\t\t\t\t<div class=\"elementor-widget-container\">\n\t\t\t\t\t\t\t<div class=\"elementor-spacer\">\n\t\t\t<div class=\"elementor-spacer-inner\"><\/div>\n\t\t<\/div>\n\t\t\t\t\t\t<\/div>\n\t\t\t\t<\/div>\n\t\t\t\t\t<\/div>\n\t\t<\/div>\n\t\t\t\t\t<\/div>\n\t\t<\/section>\n\t\t\t\t<section class=\"elementor-section elementor-top-section elementor-element elementor-element-b9b507c elementor-section-boxed elementor-section-height-default elementor-section-height-default\" data-id=\"b9b507c\" data-element_type=\"section\">\n\t\t\t\t\t\t<div class=\"elementor-container elementor-column-gap-default\">\n\t\t\t\t\t<div class=\"elementor-column elementor-col-100 elementor-top-column elementor-element elementor-element-cf1495b\" data-id=\"cf1495b\" data-element_type=\"column\">\n\t\t\t<div class=\"elementor-widget-wrap elementor-element-populated\">\n\t\t\t\t\t\t<div class=\"elementor-element elementor-element-45b0ede elementor-widget elementor-widget-heading\" data-id=\"45b0ede\" data-element_type=\"widget\" data-widget_type=\"heading.default\">\n\t\t\t\t<div class=\"elementor-widget-container\">\n\t\t\t\t\t<h2 class=\"elementor-heading-title elementor-size-default\">An innovative and simple solution<\/h2>\t\t\t\t<\/div>\n\t\t\t\t<\/div>\n\t\t\t\t\t<\/div>\n\t\t<\/div>\n\t\t\t\t\t<\/div>\n\t\t<\/section>\n\t\t\t\t<section class=\"elementor-section elementor-top-section elementor-element elementor-element-00f8287 elementor-section-boxed elementor-section-height-default elementor-section-height-default\" data-id=\"00f8287\" data-element_type=\"section\">\n\t\t\t\t\t\t<div class=\"elementor-container elementor-column-gap-default\">\n\t\t\t\t\t<div class=\"elementor-column elementor-col-100 elementor-top-column elementor-element elementor-element-62b3144\" data-id=\"62b3144\" data-element_type=\"column\">\n\t\t\t<div class=\"elementor-widget-wrap elementor-element-populated\">\n\t\t\t\t\t\t<div class=\"elementor-element elementor-element-bd086ed elementor-widget elementor-widget-video\" data-id=\"bd086ed\" data-element_type=\"widget\" data-settings=\"{&quot;video_type&quot;:&quot;hosted&quot;,&quot;mute&quot;:&quot;yes&quot;,&quot;controls&quot;:&quot;yes&quot;}\" data-widget_type=\"video.default\">\n\t\t\t\t<div class=\"elementor-widget-container\">\n\t\t\t\t\t\t\t<div class=\"e-hosted-video elementor-wrapper elementor-open-inline\">\n\t\t\t\t\t<video class=\"elementor-video\" src=\"https:\/\/www.lemcavision.com\/wp-content\/uploads\/2024\/07\/WhatsApp-Video-2024-07-16-a-19.17.26_22ffa9c5.mp4\" controls=\"\" preload=\"metadata\" muted=\"muted\" controlslist=\"nodownload\"><\/video>\n\t\t\t\t<\/div>\n\t\t\t\t\t\t<\/div>\n\t\t\t\t<\/div>\n\t\t\t\t\t<\/div>\n\t\t<\/div>\n\t\t\t\t\t<\/div>\n\t\t<\/section>\n\t\t\t\t<section class=\"elementor-section elementor-top-section elementor-element elementor-element-9efb817 elementor-section-boxed elementor-section-height-default elementor-section-height-default\" data-id=\"9efb817\" data-element_type=\"section\" data-settings=\"{&quot;background_background&quot;:&quot;classic&quot;}\">\n\t\t\t\t\t\t<div class=\"elementor-container elementor-column-gap-default\">\n\t\t\t\t\t<div class=\"elementor-column elementor-col-100 elementor-top-column elementor-element elementor-element-6d6dd23\" data-id=\"6d6dd23\" data-element_type=\"column\" data-settings=\"{&quot;background_background&quot;:&quot;classic&quot;}\">\n\t\t\t<div class=\"elementor-widget-wrap elementor-element-populated\">\n\t\t\t\t\t\t<div class=\"elementor-element elementor-element-fba71c1 elementor-widget elementor-widget-heading\" data-id=\"fba71c1\" data-element_type=\"widget\" data-widget_type=\"heading.default\">\n\t\t\t\t<div class=\"elementor-widget-container\">\n\t\t\t\t\t<h2 class=\"elementor-heading-title elementor-size-default\">Contact us<\/h2>\t\t\t\t<\/div>\n\t\t\t\t<\/div>\n\t\t\t\t<div class=\"elementor-element elementor-element-773039c elementor-widget elementor-widget-text-editor\" data-id=\"773039c\" data-element_type=\"widget\" data-widget_type=\"text-editor.default\">\n\t\t\t\t<div class=\"elementor-widget-container\">\n\t\t\t\t\t\t\t\t\t<p><span class=\"color_15\">info@lemcavision.com<\/span><\/p>\t\t\t\t\t\t\t\t<\/div>\n\t\t\t\t<\/div>\n\t\t\t\t\t<\/div>\n\t\t<\/div>\n\t\t\t\t\t<\/div>\n\t\t<\/section>\n\t\t\t\t<\/div>","protected":false},"excerpt":{"rendered":"<p>Une solution complete pour vos client Nous pouvons \u00e9quiper vos produit de coupure de section afin d&rsquo;offrir les solutions les plus avanc\u00e9 \u00e0 vos clients. Confort d&rsquo;utilisation Intuitif Int\u00e9gration direct avec la camera Lemca Vision Fonction ISO Aux Documentation IsoBus Membre officiel CCI C&rsquo;est sur une base solide que l&rsquo;isobus Lemca s&rsquo;appuie grace \u00e0 CCI.&hellip;&nbsp;<a href=\"https:\/\/www.lemcavision.com\/en\/isobus\/\" class=\"\" rel=\"bookmark\">Read More &raquo;<span class=\"screen-reader-text\">IsoBus<\/span><\/a><\/p>","protected":false},"author":2,"featured_media":0,"parent":0,"menu_order":0,"comment_status":"closed","ping_status":"closed","template":"page-templates\/template-pagebuilder-full-width.php","meta":{"neve_meta_sidebar":"","neve_meta_container":"","neve_meta_enable_content_width":"","neve_meta_content_width":0,"neve_meta_title_alignment":"","neve_meta_author_avatar":"","neve_post_elements_order":"","neve_meta_disable_header":"","neve_meta_disable_footer":"","neve_meta_disable_title":"","footnotes":""},"_links":{"self":[{"href":"https:\/\/www.lemcavision.com\/en\/wp-json\/wp\/v2\/pages\/353"}],"collection":[{"href":"https:\/\/www.lemcavision.com\/en\/wp-json\/wp\/v2\/pages"}],"about":[{"href":"https:\/\/www.lemcavision.com\/en\/wp-json\/wp\/v2\/types\/page"}],"author":[{"embeddable":true,"href":"https:\/\/www.lemcavision.com\/en\/wp-json\/wp\/v2\/users\/2"}],"replies":[{"embeddable":true,"href":"https:\/\/www.lemcavision.com\/en\/wp-json\/wp\/v2\/comments?post=353"}],"version-history":[{"count":4,"href":"https:\/\/www.lemcavision.com\/en\/wp-json\/wp\/v2\/pages\/353\/revisions"}],"predecessor-version":[{"id":362,"href":"https:\/\/www.lemcavision.com\/en\/wp-json\/wp\/v2\/pages\/353\/revisions\/362"}],"wp:attachment":[{"href":"https:\/\/www.lemcavision.com\/en\/wp-json\/wp\/v2\/media?parent=353"}],"curies":[{"name":"wp","href":"https:\/\/api.w.org\/{rel}","templated":true}]}}